{"id":1285,"date":"2021-12-17T11:49:04","date_gmt":"2021-12-17T11:49:04","guid":{"rendered":"http:\/\/localhost:8888\/wofco-wp\/?page_id=1285"},"modified":"2026-03-12T09:11:19","modified_gmt":"2026-03-12T09:11:19","slug":"sostenibilidad-recursos-naturales","status":"publish","type":"page","link":"https:\/\/wofco-ltd.com\/es\/sostenibilidad-recursos-naturales\/","title":{"rendered":"Sostenibilidad"},"content":{"rendered":"","protected":false},"excerpt":{"rendered":"","protected":false},"author":1,"featured_media":2054,"parent":0,"menu_order":0,"comment_status":"closed","ping_status":"closed","template":"","meta":{"footnotes":""},"acf":[],"yoast_head":"<!-- This site is optimized with the Yoast SEO plugin v23.0 - https:\/\/yoast.com\/wordpress\/plugins\/seo\/ -->\n<title>Sostenibilidad | Wofco Ltd | Gesti\u00f3n responsable de los recursos naturales<\/title>\n<meta name=\"description\" content=\"Sabemos lo importante que es la gesti\u00f3n responsable de los recursos naturales, la protecci\u00f3n de los ecosistemas y del medio ambiente.\" \/>\n<meta name=\"robots\" content=\"index, follow, max-snippet:-1, max-image-preview:large, max-video-preview:-1\" \/>\n<link rel=\"canonical\" href=\"https:\/\/wofco-ltd.com\/es\/sostenibilidad-recursos-naturales\/\" \/>\n<meta property=\"og:locale\" content=\"es_ES\" \/>\n<meta property=\"og:type\" content=\"article\" \/>\n<meta property=\"og:title\" content=\"Sostenibilidad | Wofco Ltd | Gesti\u00f3n responsable de los recursos naturales\" \/>\n<meta property=\"og:description\" content=\"Sabemos lo importante que es la gesti\u00f3n responsable de los recursos naturales, la protecci\u00f3n de los ecosistemas y del medio ambiente.\" \/>\n<meta property=\"og:url\" content=\"https:\/\/wofco-ltd.com\/es\/sostenibilidad-recursos-naturales\/\" \/>\n<meta property=\"og:site_name\" content=\"Wofco Ltd\" \/>\n<meta property=\"article:modified_time\" content=\"2026-03-12T09:11:19+00:00\" \/>\n<meta property=\"og:image\" content=\"https:\/\/wofco-ltd.com\/wp-content\/uploads\/2022\/04\/sostenibilidad_video-poster.png\" \/>\n\t<meta property=\"og:image:width\" content=\"1855\" \/>\n\t<meta property=\"og:image:height\" content=\"1034\" \/>\n\t<meta property=\"og:image:type\" content=\"image\/png\" \/>\n<meta name=\"twitter:card\" content=\"summary_large_image\" \/>\n<meta name=\"twitter:label1\" content=\"Tiempo de lectura\" \/>\n\t<meta name=\"twitter:data1\" content=\"1 minuto\" \/>\n<script type=\"application\/ld+json\" class=\"yoast-schema-graph\">{\"@context\":\"https:\/\/schema.org\",\"@graph\":[{\"@type\":\"WebPage\",\"@id\":\"https:\/\/wofco-ltd.com\/es\/sostenibilidad-recursos-naturales\/\",\"url\":\"https:\/\/wofco-ltd.com\/es\/sostenibilidad-recursos-naturales\/\",\"name\":\"Sostenibilidad | Wofco Ltd | Gesti\u00f3n responsable de los recursos naturales\",\"isPartOf\":{\"@id\":\"https:\/\/wofco-ltd.com\/es\/#website\"},\"primaryImageOfPage\":{\"@id\":\"https:\/\/wofco-ltd.com\/es\/sostenibilidad-recursos-naturales\/#primaryimage\"},\"image\":{\"@id\":\"https:\/\/wofco-ltd.com\/es\/sostenibilidad-recursos-naturales\/#primaryimage\"},\"thumbnailUrl\":\"https:\/\/wofco-ltd.com\/wp-content\/uploads\/2022\/04\/sostenibilidad_video-poster.png\",\"datePublished\":\"2021-12-17T11:49:04+00:00\",\"dateModified\":\"2026-03-12T09:11:19+00:00\",\"description\":\"Sabemos lo importante que es la gesti\u00f3n responsable de los recursos naturales, la protecci\u00f3n de los ecosistemas y del medio ambiente.\",\"breadcrumb\":{\"@id\":\"https:\/\/wofco-ltd.com\/es\/sostenibilidad-recursos-naturales\/#breadcrumb\"},\"inLanguage\":\"es\",\"potentialAction\":[{\"@type\":\"ReadAction\",\"target\":[\"https:\/\/wofco-ltd.com\/es\/sostenibilidad-recursos-naturales\/\"]}]},{\"@type\":\"ImageObject\",\"inLanguage\":\"es\",\"@id\":\"https:\/\/wofco-ltd.com\/es\/sostenibilidad-recursos-naturales\/#primaryimage\",\"url\":\"https:\/\/wofco-ltd.com\/wp-content\/uploads\/2022\/04\/sostenibilidad_video-poster.png\",\"contentUrl\":\"https:\/\/wofco-ltd.com\/wp-content\/uploads\/2022\/04\/sostenibilidad_video-poster.png\",\"width\":1855,\"height\":1034},{\"@type\":\"BreadcrumbList\",\"@id\":\"https:\/\/wofco-ltd.com\/es\/sostenibilidad-recursos-naturales\/#breadcrumb\",\"itemListElement\":[{\"@type\":\"ListItem\",\"position\":1,\"name\":\"Portada\",\"item\":\"https:\/\/wofco-ltd.com\/es\/\"},{\"@type\":\"ListItem\",\"position\":2,\"name\":\"Sostenibilidad\"}]},{\"@type\":\"WebSite\",\"@id\":\"https:\/\/wofco-ltd.com\/es\/#website\",\"url\":\"https:\/\/wofco-ltd.com\/es\/\",\"name\":\"Wofco Ltd\",\"description\":\"Ning\u00fan mar en calma hizo experto al marinero\",\"publisher\":{\"@id\":\"https:\/\/wofco-ltd.com\/es\/#organization\"},\"potentialAction\":[{\"@type\":\"SearchAction\",\"target\":{\"@type\":\"EntryPoint\",\"urlTemplate\":\"https:\/\/wofco-ltd.com\/es\/?s={search_term_string}\"},\"query-input\":\"required name=search_term_string\"}],\"inLanguage\":\"es\"},{\"@type\":\"Organization\",\"@id\":\"https:\/\/wofco-ltd.com\/es\/#organization\",\"name\":\"Wofco\",\"url\":\"https:\/\/wofco-ltd.com\/es\/\",\"logo\":{\"@type\":\"ImageObject\",\"inLanguage\":\"es\",\"@id\":\"https:\/\/wofco-ltd.com\/es\/#\/schema\/logo\/image\/\",\"url\":\"https:\/\/wofco-ltd.com\/wp-content\/uploads\/2021\/10\/brand-icon-base.png\",\"contentUrl\":\"https:\/\/wofco-ltd.com\/wp-content\/uploads\/2021\/10\/brand-icon-base.png\",\"width\":142,\"height\":89,\"caption\":\"Wofco\"},\"image\":{\"@id\":\"https:\/\/wofco-ltd.com\/es\/#\/schema\/logo\/image\/\"}}]}<\/script>\n<!-- \/ Yoast SEO plugin. -->","yoast_head_json":{"title":"Sostenibilidad | Wofco Ltd | Gesti\u00f3n responsable de los recursos naturales","description":"Sabemos lo importante que es la gesti\u00f3n responsable de los recursos naturales, la protecci\u00f3n de los ecosistemas y del medio ambiente.","robots":{"index":"index","follow":"follow","max-snippet":"max-snippet:-1","max-image-preview":"max-image-preview:large","max-video-preview":"max-video-preview:-1"},"canonical":"https:\/\/wofco-ltd.com\/es\/sostenibilidad-recursos-naturales\/","og_locale":"es_ES","og_type":"article","og_title":"Sostenibilidad | Wofco Ltd | Gesti\u00f3n responsable de los recursos naturales","og_description":"Sabemos lo importante que es la gesti\u00f3n responsable de los recursos naturales, la protecci\u00f3n de los ecosistemas y del medio ambiente.","og_url":"https:\/\/wofco-ltd.com\/es\/sostenibilidad-recursos-naturales\/","og_site_name":"Wofco Ltd","article_modified_time":"2026-03-12T09:11:19+00:00","og_image":[{"width":1855,"height":1034,"url":"https:\/\/wofco-ltd.com\/wp-content\/uploads\/2022\/04\/sostenibilidad_video-poster.png","type":"image\/png"}],"twitter_card":"summary_large_image","twitter_misc":{"Tiempo de lectura":"1 minuto"},"schema":{"@context":"https:\/\/schema.org","@graph":[{"@type":"WebPage","@id":"https:\/\/wofco-ltd.com\/es\/sostenibilidad-recursos-naturales\/","url":"https:\/\/wofco-ltd.com\/es\/sostenibilidad-recursos-naturales\/","name":"Sostenibilidad | Wofco Ltd | Gesti\u00f3n responsable de los recursos naturales","isPartOf":{"@id":"https:\/\/wofco-ltd.com\/es\/#website"},"primaryImageOfPage":{"@id":"https:\/\/wofco-ltd.com\/es\/sostenibilidad-recursos-naturales\/#primaryimage"},"image":{"@id":"https:\/\/wofco-ltd.com\/es\/sostenibilidad-recursos-naturales\/#primaryimage"},"thumbnailUrl":"https:\/\/wofco-ltd.com\/wp-content\/uploads\/2022\/04\/sostenibilidad_video-poster.png","datePublished":"2021-12-17T11:49:04+00:00","dateModified":"2026-03-12T09:11:19+00:00","description":"Sabemos lo importante que es la gesti\u00f3n responsable de los recursos naturales, la protecci\u00f3n de los ecosistemas y del medio ambiente.","breadcrumb":{"@id":"https:\/\/wofco-ltd.com\/es\/sostenibilidad-recursos-naturales\/#breadcrumb"},"inLanguage":"es","potentialAction":[{"@type":"ReadAction","target":["https:\/\/wofco-ltd.com\/es\/sostenibilidad-recursos-naturales\/"]}]},{"@type":"ImageObject","inLanguage":"es","@id":"https:\/\/wofco-ltd.com\/es\/sostenibilidad-recursos-naturales\/#primaryimage","url":"https:\/\/wofco-ltd.com\/wp-content\/uploads\/2022\/04\/sostenibilidad_video-poster.png","contentUrl":"https:\/\/wofco-ltd.com\/wp-content\/uploads\/2022\/04\/sostenibilidad_video-poster.png","width":1855,"height":1034},{"@type":"BreadcrumbList","@id":"https:\/\/wofco-ltd.com\/es\/sostenibilidad-recursos-naturales\/#breadcrumb","itemListElement":[{"@type":"ListItem","position":1,"name":"Portada","item":"https:\/\/wofco-ltd.com\/es\/"},{"@type":"ListItem","position":2,"name":"Sostenibilidad"}]},{"@type":"WebSite","@id":"https:\/\/wofco-ltd.com\/es\/#website","url":"https:\/\/wofco-ltd.com\/es\/","name":"Wofco Ltd","description":"Ning\u00fan mar en calma hizo experto al marinero","publisher":{"@id":"https:\/\/wofco-ltd.com\/es\/#organization"},"potentialAction":[{"@type":"SearchAction","target":{"@type":"EntryPoint","urlTemplate":"https:\/\/wofco-ltd.com\/es\/?s={search_term_string}"},"query-input":"required name=search_term_string"}],"inLanguage":"es"},{"@type":"Organization","@id":"https:\/\/wofco-ltd.com\/es\/#organization","name":"Wofco","url":"https:\/\/wofco-ltd.com\/es\/","logo":{"@type":"ImageObject","inLanguage":"es","@id":"https:\/\/wofco-ltd.com\/es\/#\/schema\/logo\/image\/","url":"https:\/\/wofco-ltd.com\/wp-content\/uploads\/2021\/10\/brand-icon-base.png","contentUrl":"https:\/\/wofco-ltd.com\/wp-content\/uploads\/2021\/10\/brand-icon-base.png","width":142,"height":89,"caption":"Wofco"},"image":{"@id":"https:\/\/wofco-ltd.com\/es\/#\/schema\/logo\/image\/"}}]}},"_links":{"self":[{"href":"https:\/\/wofco-ltd.com\/es\/wp-json\/wp\/v2\/pages\/1285"}],"collection":[{"href":"https:\/\/wofco-ltd.com\/es\/wp-json\/wp\/v2\/pages"}],"about":[{"href":"https:\/\/wofco-ltd.com\/es\/wp-json\/wp\/v2\/types\/page"}],"author":[{"embeddable":true,"href":"https:\/\/wofco-ltd.com\/es\/wp-json\/wp\/v2\/users\/1"}],"replies":[{"embeddable":true,"href":"https:\/\/wofco-ltd.com\/es\/wp-json\/wp\/v2\/comments?post=1285"}],"version-history":[{"count":54,"href":"https:\/\/wofco-ltd.com\/es\/wp-json\/wp\/v2\/pages\/1285\/revisions"}],"predecessor-version":[{"id":5287,"href":"https:\/\/wofco-ltd.com\/es\/wp-json\/wp\/v2\/pages\/1285\/revisions\/5287"}],"wp:featuredmedia":[{"embeddable":true,"href":"https:\/\/wofco-ltd.com\/es\/wp-json\/wp\/v2\/media\/2054"}],"wp:attachment":[{"href":"https:\/\/wofco-ltd.com\/es\/wp-json\/wp\/v2\/media?parent=1285"}],"curies":[{"name":"wp","href":"https:\/\/api.w.org\/{rel}","templated":true}]}}