{"id":1204,"date":"2022-07-05T15:45:28","date_gmt":"2022-07-05T15:45:28","guid":{"rendered":"http:\/\/localhost:8888\/wofco-wp\/?post_type=product&#038;p=1204"},"modified":"2023-05-31T13:23:11","modified_gmt":"2023-05-31T13:23:11","slug":"salmon","status":"publish","type":"product","link":"https:\/\/wofco-ltd.com\/es\/producto\/salmon\/","title":{"rendered":"Salm\u00f3n"},"content":{"rendered":"","protected":false},"excerpt":{"rendered":"","protected":false},"author":1,"featured_media":3239,"comment_status":"open","ping_status":"open","template":"","tags":[],"species":[32],"acf":[],"yoast_head":"<!-- This site is optimized with the Yoast SEO plugin v23.0 - https:\/\/yoast.com\/wordpress\/plugins\/seo\/ -->\n<title>Salm\u00f3n | Wofco Ltd<\/title>\n<meta name=\"description\" content=\"El salm\u00f3n con gran versatilidad y sabor tiene un alto contenido de \u00e1cidos grasos omega-3, los cuales disminuyen el colesterol y triglic\u00e9ridos.\" \/>\n<meta name=\"robots\" content=\"index, follow, max-snippet:-1, max-image-preview:large, max-video-preview:-1\" \/>\n<link rel=\"canonical\" href=\"https:\/\/wofco-ltd.com\/es\/producto\/salmon\/\" \/>\n<meta property=\"og:locale\" content=\"es_ES\" \/>\n<meta property=\"og:type\" content=\"article\" \/>\n<meta property=\"og:title\" content=\"Salm\u00f3n | Wofco Ltd\" \/>\n<meta property=\"og:description\" content=\"El salm\u00f3n con gran versatilidad y sabor tiene un alto contenido de \u00e1cidos grasos omega-3, los cuales disminuyen el colesterol y triglic\u00e9ridos.\" \/>\n<meta property=\"og:url\" content=\"https:\/\/wofco-ltd.com\/es\/producto\/salmon\/\" \/>\n<meta property=\"og:site_name\" content=\"Wofco Ltd\" \/>\n<meta property=\"article:modified_time\" content=\"2023-05-31T13:23:11+00:00\" \/>\n<meta property=\"og:image\" content=\"https:\/\/wofco-ltd.com\/wp-content\/uploads\/2023\/03\/11_Salmon_Keta.png\" \/>\n\t<meta property=\"og:image:width\" content=\"1250\" \/>\n\t<meta property=\"og:image:height\" content=\"1250\" \/>\n\t<meta property=\"og:image:type\" content=\"image\/png\" \/>\n<meta name=\"twitter:card\" content=\"summary_large_image\" \/>\n<script type=\"application\/ld+json\" class=\"yoast-schema-graph\">{\"@context\":\"https:\/\/schema.org\",\"@graph\":[{\"@type\":\"WebPage\",\"@id\":\"https:\/\/wofco-ltd.com\/es\/producto\/salmon\/\",\"url\":\"https:\/\/wofco-ltd.com\/es\/producto\/salmon\/\",\"name\":\"Salm\u00f3n | Wofco Ltd\",\"isPartOf\":{\"@id\":\"https:\/\/wofco-ltd.com\/es\/#website\"},\"primaryImageOfPage\":{\"@id\":\"https:\/\/wofco-ltd.com\/es\/producto\/salmon\/#primaryimage\"},\"image\":{\"@id\":\"https:\/\/wofco-ltd.com\/es\/producto\/salmon\/#primaryimage\"},\"thumbnailUrl\":\"https:\/\/wofco-ltd.com\/wp-content\/uploads\/2023\/03\/11_Salmon_Keta.png\",\"datePublished\":\"2022-07-05T15:45:28+00:00\",\"dateModified\":\"2023-05-31T13:23:11+00:00\",\"description\":\"El salm\u00f3n con gran versatilidad y sabor tiene un alto contenido de \u00e1cidos grasos omega-3, los cuales disminuyen el colesterol y triglic\u00e9ridos.\",\"breadcrumb\":{\"@id\":\"https:\/\/wofco-ltd.com\/es\/producto\/salmon\/#breadcrumb\"},\"inLanguage\":\"es\",\"potentialAction\":[{\"@type\":\"ReadAction\",\"target\":[\"https:\/\/wofco-ltd.com\/es\/producto\/salmon\/\"]}]},{\"@type\":\"ImageObject\",\"inLanguage\":\"es\",\"@id\":\"https:\/\/wofco-ltd.com\/es\/producto\/salmon\/#primaryimage\",\"url\":\"https:\/\/wofco-ltd.com\/wp-content\/uploads\/2023\/03\/11_Salmon_Keta.png\",\"contentUrl\":\"https:\/\/wofco-ltd.com\/wp-content\/uploads\/2023\/03\/11_Salmon_Keta.png\",\"width\":1250,\"height\":1250,\"caption\":\"Foto producto porciones salmon keta Wofco\"},{\"@type\":\"BreadcrumbList\",\"@id\":\"https:\/\/wofco-ltd.com\/es\/producto\/salmon\/#breadcrumb\",\"itemListElement\":[{\"@type\":\"ListItem\",\"position\":1,\"name\":\"Portada\",\"item\":\"https:\/\/wofco-ltd.com\/es\/\"},{\"@type\":\"ListItem\",\"position\":2,\"name\":\"Productos\",\"item\":\"https:\/\/wofco-ltd.com\/es\/producto\/\"},{\"@type\":\"ListItem\",\"position\":3,\"name\":\"Salm\u00f3n\"}]},{\"@type\":\"WebSite\",\"@id\":\"https:\/\/wofco-ltd.com\/es\/#website\",\"url\":\"https:\/\/wofco-ltd.com\/es\/\",\"name\":\"Wofco Ltd\",\"description\":\"Ning\u00fan mar en calma hizo experto al marinero\",\"publisher\":{\"@id\":\"https:\/\/wofco-ltd.com\/es\/#organization\"},\"potentialAction\":[{\"@type\":\"SearchAction\",\"target\":{\"@type\":\"EntryPoint\",\"urlTemplate\":\"https:\/\/wofco-ltd.com\/es\/?s={search_term_string}\"},\"query-input\":\"required name=search_term_string\"}],\"inLanguage\":\"es\"},{\"@type\":\"Organization\",\"@id\":\"https:\/\/wofco-ltd.com\/es\/#organization\",\"name\":\"Wofco\",\"url\":\"https:\/\/wofco-ltd.com\/es\/\",\"logo\":{\"@type\":\"ImageObject\",\"inLanguage\":\"es\",\"@id\":\"https:\/\/wofco-ltd.com\/es\/#\/schema\/logo\/image\/\",\"url\":\"https:\/\/wofco-ltd.com\/wp-content\/uploads\/2021\/10\/brand-icon-base.png\",\"contentUrl\":\"https:\/\/wofco-ltd.com\/wp-content\/uploads\/2021\/10\/brand-icon-base.png\",\"width\":142,\"height\":89,\"caption\":\"Wofco\"},\"image\":{\"@id\":\"https:\/\/wofco-ltd.com\/es\/#\/schema\/logo\/image\/\"}}]}<\/script>\n<!-- \/ Yoast SEO plugin. -->","yoast_head_json":{"title":"Salm\u00f3n | Wofco Ltd","description":"El salm\u00f3n con gran versatilidad y sabor tiene un alto contenido de \u00e1cidos grasos omega-3, los cuales disminuyen el colesterol y triglic\u00e9ridos.","robots":{"index":"index","follow":"follow","max-snippet":"max-snippet:-1","max-image-preview":"max-image-preview:large","max-video-preview":"max-video-preview:-1"},"canonical":"https:\/\/wofco-ltd.com\/es\/producto\/salmon\/","og_locale":"es_ES","og_type":"article","og_title":"Salm\u00f3n | Wofco Ltd","og_description":"El salm\u00f3n con gran versatilidad y sabor tiene un alto contenido de \u00e1cidos grasos omega-3, los cuales disminuyen el colesterol y triglic\u00e9ridos.","og_url":"https:\/\/wofco-ltd.com\/es\/producto\/salmon\/","og_site_name":"Wofco Ltd","article_modified_time":"2023-05-31T13:23:11+00:00","og_image":[{"width":1250,"height":1250,"url":"https:\/\/wofco-ltd.com\/wp-content\/uploads\/2023\/03\/11_Salmon_Keta.png","type":"image\/png"}],"twitter_card":"summary_large_image","schema":{"@context":"https:\/\/schema.org","@graph":[{"@type":"WebPage","@id":"https:\/\/wofco-ltd.com\/es\/producto\/salmon\/","url":"https:\/\/wofco-ltd.com\/es\/producto\/salmon\/","name":"Salm\u00f3n | Wofco Ltd","isPartOf":{"@id":"https:\/\/wofco-ltd.com\/es\/#website"},"primaryImageOfPage":{"@id":"https:\/\/wofco-ltd.com\/es\/producto\/salmon\/#primaryimage"},"image":{"@id":"https:\/\/wofco-ltd.com\/es\/producto\/salmon\/#primaryimage"},"thumbnailUrl":"https:\/\/wofco-ltd.com\/wp-content\/uploads\/2023\/03\/11_Salmon_Keta.png","datePublished":"2022-07-05T15:45:28+00:00","dateModified":"2023-05-31T13:23:11+00:00","description":"El salm\u00f3n con gran versatilidad y sabor tiene un alto contenido de \u00e1cidos grasos omega-3, los cuales disminuyen el colesterol y triglic\u00e9ridos.","breadcrumb":{"@id":"https:\/\/wofco-ltd.com\/es\/producto\/salmon\/#breadcrumb"},"inLanguage":"es","potentialAction":[{"@type":"ReadAction","target":["https:\/\/wofco-ltd.com\/es\/producto\/salmon\/"]}]},{"@type":"ImageObject","inLanguage":"es","@id":"https:\/\/wofco-ltd.com\/es\/producto\/salmon\/#primaryimage","url":"https:\/\/wofco-ltd.com\/wp-content\/uploads\/2023\/03\/11_Salmon_Keta.png","contentUrl":"https:\/\/wofco-ltd.com\/wp-content\/uploads\/2023\/03\/11_Salmon_Keta.png","width":1250,"height":1250,"caption":"Foto producto porciones salmon keta Wofco"},{"@type":"BreadcrumbList","@id":"https:\/\/wofco-ltd.com\/es\/producto\/salmon\/#breadcrumb","itemListElement":[{"@type":"ListItem","position":1,"name":"Portada","item":"https:\/\/wofco-ltd.com\/es\/"},{"@type":"ListItem","position":2,"name":"Productos","item":"https:\/\/wofco-ltd.com\/es\/producto\/"},{"@type":"ListItem","position":3,"name":"Salm\u00f3n"}]},{"@type":"WebSite","@id":"https:\/\/wofco-ltd.com\/es\/#website","url":"https:\/\/wofco-ltd.com\/es\/","name":"Wofco Ltd","description":"Ning\u00fan mar en calma hizo experto al marinero","publisher":{"@id":"https:\/\/wofco-ltd.com\/es\/#organization"},"potentialAction":[{"@type":"SearchAction","target":{"@type":"EntryPoint","urlTemplate":"https:\/\/wofco-ltd.com\/es\/?s={search_term_string}"},"query-input":"required name=search_term_string"}],"inLanguage":"es"},{"@type":"Organization","@id":"https:\/\/wofco-ltd.com\/es\/#organization","name":"Wofco","url":"https:\/\/wofco-ltd.com\/es\/","logo":{"@type":"ImageObject","inLanguage":"es","@id":"https:\/\/wofco-ltd.com\/es\/#\/schema\/logo\/image\/","url":"https:\/\/wofco-ltd.com\/wp-content\/uploads\/2021\/10\/brand-icon-base.png","contentUrl":"https:\/\/wofco-ltd.com\/wp-content\/uploads\/2021\/10\/brand-icon-base.png","width":142,"height":89,"caption":"Wofco"},"image":{"@id":"https:\/\/wofco-ltd.com\/es\/#\/schema\/logo\/image\/"}}]}},"_links":{"self":[{"href":"https:\/\/wofco-ltd.com\/es\/wp-json\/wp\/v2\/product\/1204"}],"collection":[{"href":"https:\/\/wofco-ltd.com\/es\/wp-json\/wp\/v2\/product"}],"about":[{"href":"https:\/\/wofco-ltd.com\/es\/wp-json\/wp\/v2\/types\/product"}],"author":[{"embeddable":true,"href":"https:\/\/wofco-ltd.com\/es\/wp-json\/wp\/v2\/users\/1"}],"replies":[{"embeddable":true,"href":"https:\/\/wofco-ltd.com\/es\/wp-json\/wp\/v2\/comments?post=1204"}],"version-history":[{"count":14,"href":"https:\/\/wofco-ltd.com\/es\/wp-json\/wp\/v2\/product\/1204\/revisions"}],"predecessor-version":[{"id":3316,"href":"https:\/\/wofco-ltd.com\/es\/wp-json\/wp\/v2\/product\/1204\/revisions\/3316"}],"wp:featuredmedia":[{"embeddable":true,"href":"https:\/\/wofco-ltd.com\/es\/wp-json\/wp\/v2\/media\/3239"}],"wp:attachment":[{"href":"https:\/\/wofco-ltd.com\/es\/wp-json\/wp\/v2\/media?parent=1204"}],"wp:term":[{"taxonomy":"post_tag","embeddable":true,"href":"https:\/\/wofco-ltd.com\/es\/wp-json\/wp\/v2\/tags?post=1204"},{"taxonomy":"species","embeddable":true,"href":"https:\/\/wofco-ltd.com\/es\/wp-json\/wp\/v2\/species?post=1204"}],"curies":[{"name":"wp","href":"https:\/\/api.w.org\/{rel}","templated":true}]}}